{"id":5416,"date":"2022-01-19T01:42:02","date_gmt":"2022-01-19T01:42:02","guid":{"rendered":"https:\/\/hvacproductscr.com\/?page_id=5416"},"modified":"2022-02-25T17:00:52","modified_gmt":"2022-02-25T17:00:52","slug":"contacto","status":"publish","type":"page","link":"https:\/\/hvacproductscr.com\/en\/contacto\/","title":{"rendered":"Contact"},"content":{"rendered":"<div data-elementor-type=\"wp-page\" data-elementor-id=\"5416\" class=\"elementor elementor-5416\">\n\t\t\t\t\t\t\t\t\t<section class=\"elementor-section elementor-top-section elementor-element elementor-element-fb10e6d elementor-section-boxed elementor-section-height-default elementor-section-height-default qodef-elementor-content-no\" data-id=\"fb10e6d\" data-element_type=\"section\">\n\t\t\t\t\t\t<div class=\"elementor-container elementor-column-gap-default\">\n\t\t\t\t\t<div class=\"elementor-column elementor-col-33 elementor-top-column elementor-element elementor-element-839a697\" data-id=\"839a697\" data-element_type=\"column\">\n\t\t\t<div class=\"elementor-widget-wrap elementor-element-populated\">\n\t\t\t\t\t\t\t\t<div class=\"elementor-element elementor-element-c139834 elementor-view-default elementor-mobile-position-top elementor-vertical-align-top elementor-widget elementor-widget-icon-box\" data-id=\"c139834\" data-element_type=\"widget\" data-widget_type=\"icon-box.default\">\n\t\t\t\t<div class=\"elementor-widget-container\">\n\t\t\t<link rel=\"stylesheet\" href=\"http:\/\/hvacproductscr.com\/wp-content\/plugins\/elementor\/assets\/css\/widget-icon-box.min.css\">\t\t<div class=\"elementor-icon-box-wrapper\">\n\t\t\t\t\t\t<div class=\"elementor-icon-box-icon\">\n\t\t\t\t<span class=\"elementor-icon elementor-animation-\" >\n\t\t\t\t<svg xmlns=\"http:\/\/www.w3.org\/2000\/svg\" xmlns:xlink=\"http:\/\/www.w3.org\/1999\/xlink\" id=\"Layer_1\" x=\"0px\" y=\"0px\" viewbox=\"0 0 83 79\" style=\"enable-background:new 0 0 83 79;\" xml:space=\"preserve\"><style type=\"text\/css\">\t.st0{fill:none;stroke:#4FA7DD;stroke-width:2.3526;stroke-linecap:round;stroke-linejoin:round;stroke-miterlimit:10;}\t.st1{fill:none;stroke:#4FA7DD;stroke-width:2.0182;stroke-linecap:round;stroke-linejoin:round;stroke-miterlimit:10;}<\/style><g>\t<path class=\"st0\" d=\"M79.1,65.8H3.8c-1.4,0-2.6-1.2-2.6-2.6V15.9c0-0.7,0.3-1.4,0.8-1.9s1.1-0.8,1.9-0.8h75.3  c1.4,0,2.6,1.2,2.6,2.6V63C81.7,64.6,80.5,65.8,79.1,65.8z\"><\/path>\t<path class=\"st0\" d=\"M81.1,14.3L45.2,40.5c-2.3,1.7-5.4,1.7-7.6,0L1.8,14.3\"><\/path>\t<line class=\"st0\" x1=\"22.9\" y1=\"40.4\" x2=\"2.8\" y2=\"64.8\"><\/line>\t<line class=\"st0\" x1=\"60.3\" y1=\"40.4\" x2=\"80.4\" y2=\"64.8\"><\/line><\/g><path class=\"st1\" d=\"M41.6,0\"><\/path><\/svg>\t\t\t\t<\/span>\n\t\t\t<\/div>\n\t\t\t\t\t\t<div class=\"elementor-icon-box-content\">\n\t\t\t\t<h3 class=\"elementor-icon-box-title\">\n\t\t\t\t\t<span  >\n\t\t\t\t\t\tEmail\t\t\t\t\t<\/span>\n\t\t\t\t<\/h3>\n\t\t\t\t\t\t\t\t\t<p class=\"elementor-icon-box-description\">\n\t\t\t\t\t\tinfo@hvacproductscr.com \t\t\t\t\t<\/p>\n\t\t\t\t\t\t\t<\/div>\n\t\t<\/div>\n\t\t\t\t<\/div>\n\t\t\t\t<\/div>\n\t\t\t\t\t<\/div>\n\t\t<\/div>\n\t\t\t\t<div class=\"elementor-column elementor-col-33 elementor-top-column elementor-element elementor-element-500ef05\" data-id=\"500ef05\" data-element_type=\"column\">\n\t\t\t<div class=\"elementor-widget-wrap elementor-element-populated\">\n\t\t\t\t\t\t\t\t<div class=\"elementor-element elementor-element-1b6180b elementor-view-default elementor-mobile-position-top elementor-vertical-align-top elementor-widget elementor-widget-icon-box\" data-id=\"1b6180b\" data-element_type=\"widget\" data-widget_type=\"icon-box.default\">\n\t\t\t\t<div class=\"elementor-widget-container\">\n\t\t\t\t\t<div class=\"elementor-icon-box-wrapper\">\n\t\t\t\t\t\t<div class=\"elementor-icon-box-icon\">\n\t\t\t\t<span class=\"elementor-icon elementor-animation-\" >\n\t\t\t\t<svg xmlns=\"http:\/\/www.w3.org\/2000\/svg\" xmlns:xlink=\"http:\/\/www.w3.org\/1999\/xlink\" id=\"Layer_1\" x=\"0px\" y=\"0px\" viewbox=\"0 0 83 79\" style=\"enable-background:new 0 0 83 79;\" xml:space=\"preserve\"><style type=\"text\/css\">\t.st0{fill:#4FA7DD;stroke:#4FA7DD;stroke-miterlimit:10;}<\/style><g>\t<path class=\"st0\" d=\"M74.8,30.9L74.8,30.9c-2.4-5.3-5.9-10.1-10.3-14.2s-9.6-7.4-15.3-9.6c-5.9-2.3-12.3-3.5-18.8-3.5  c-0.4,0-0.7,0.3-0.7,0.6s0.3,0.6,0.7,0.6C56.1,4.7,77,24.3,77,48.3c0,0.3,0.3,0.6,0.7,0.6s0.7-0.3,0.7-0.6  C78.5,42.3,77.3,36.4,74.8,30.9z\"><\/path>\t<path class=\"st0\" d=\"M65.2,43.3c0,0.3,0.3,0.6,0.7,0.6s0.7-0.3,0.7-0.6c0-3.9-0.8-7.6-2.4-11.2c-1.6-3.4-3.8-6.5-6.6-9.1  c-2.8-2.7-6.1-4.7-9.8-6.2c-3.8-1.5-7.9-2.3-12.1-2.3c-0.4,0-0.7,0.3-0.7,0.6s0.3,0.6,0.7,0.6C52,15.7,65.2,28.1,65.2,43.3z\"><\/path>\t<path class=\"st0\" d=\"M37.8,25.6c0,0.3,0.3,0.6,0.7,0.6c8.5,0,15.4,6.5,15.4,14.5c0,0.3,0.3,0.6,0.7,0.6s0.7-0.3,0.7-0.6  c0-4.2-1.7-8.1-4.9-11.1S43,25,38.4,25C38.1,25,37.8,25.3,37.8,25.6z\"><\/path>\t<path class=\"st0\" d=\"M74.3,59.8c-0.5-2.9-3-3.8-3.5-4l-0.3-0.1l-12.8-4.3c-2.9-1.1-5.2,0.2-6.3,1.7c-0.1,0.1-0.2,0.2-0.3,0.3  l-3.1,3c-1.3,1.2-2.4,0.8-2.7,0.7h-0.1c-15.1-7.9-20.6-18.8-21.6-20.9c-0.1-0.2-0.2-0.4-0.3-0.6c-0.2-0.3-0.2-0.7-0.1-1.2  s0.4-1,0.8-1.4l3.9-3.9c0,0,0.1-0.1,0.2-0.1c1.9-1.5,1.6-4.2,1.1-5.5L25,11.6c-1-2.9-2.6-3.7-3.2-3.9l-0.3-0.1  C21,7.4,20,7.2,17.6,7.1c-0.1,0-0.3,0-0.4,0c-0.6,0-1.1,0.1-1.6,0.2C15.2,7.4,15,7.4,15,7.5c-4.3,1.7-7.5,5-9.2,9.6  c-1.3,3.5-1.3,6.4-1.3,6.5c0,7.5,4.3,15.2,4.5,15.5c8.9,17.3,25.3,27.6,28.5,29.5c0.3,0.2,0.5,0.3,0.8,0.5  c9.3,6.2,17.8,6.4,18.7,6.4c7.3-0.2,11.6-3,13.9-5.3c2.5-2.4,3.3-4.8,3.4-5.1c0.5-1.5,0.3-3.6,0.1-4.7L74.3,59.8z M73.1,64.8  c0,0.1-0.8,2.4-3.2,4.7c-3.2,3-7.5,4.7-12.9,4.8c-0.4,0-9-0.2-18-6.2c-0.3-0.2-0.5-0.4-0.8-0.5c-1.3-0.8-6.2-3.8-11.8-8.7  c-7.1-6.3-12.6-13.1-16.3-20.3c-0.2-0.3-4.4-7.9-4.4-15c0,0,0-2.9,1.3-6.2c1.6-4.3,4.5-7.3,8.5-8.9c0.1,0,0.2-0.1,0.4-0.1  c0.5-0.1,1-0.2,1.6-0.2c1.7,0.1,3,0.3,3.6,0.5l0.3,0.1c0.4,0.1,1.6,0.7,2.4,3.1L28,23.8c0.1,0.3,1,2.9-0.7,4.3  c-0.1,0.1-0.2,0.1-0.2,0.2l-4,3.9c-0.6,0.5-1,1.2-1.1,1.9c-0.2,0.8-0.1,1.5,0.3,2.1c0.1,0.2,0.2,0.3,0.2,0.4  c1,2.2,6.7,13.5,22.1,21.5c0.4,0.2,2.2,1,4.3-0.8l3.1-3c0.2-0.1,0.3-0.3,0.4-0.5c0.6-0.7,2.2-2.3,4.9-1.3l13.2,4.4  c0.4,0.1,2.3,0.8,2.6,3.1l0.1,0.6C73.3,61.4,73.5,63.5,73.1,64.8z\"><\/path><\/g><\/svg>\t\t\t\t<\/span>\n\t\t\t<\/div>\n\t\t\t\t\t\t<div class=\"elementor-icon-box-content\">\n\t\t\t\t<h3 class=\"elementor-icon-box-title\">\n\t\t\t\t\t<span  >\n\t\t\t\t\t\tTelephone\t\t\t\t\t<\/span>\n\t\t\t\t<\/h3>\n\t\t\t\t\t\t\t\t\t<p class=\"elementor-icon-box-description\">\n\t\t\t\t\t\t(506) 2226-3060\t\t\t\t\t<\/p>\n\t\t\t\t\t\t\t<\/div>\n\t\t<\/div>\n\t\t\t\t<\/div>\n\t\t\t\t<\/div>\n\t\t\t\t\t<\/div>\n\t\t<\/div>\n\t\t\t\t<div class=\"elementor-column elementor-col-33 elementor-top-column elementor-element elementor-element-5567c10\" data-id=\"5567c10\" data-element_type=\"column\">\n\t\t\t<div class=\"elementor-widget-wrap elementor-element-populated\">\n\t\t\t\t\t\t\t\t<div class=\"elementor-element elementor-element-b28bff6 elementor-view-default elementor-mobile-position-top elementor-vertical-align-top elementor-widget elementor-widget-icon-box\" data-id=\"b28bff6\" data-element_type=\"widget\" data-widget_type=\"icon-box.default\">\n\t\t\t\t<div class=\"elementor-widget-container\">\n\t\t\t\t\t<div class=\"elementor-icon-box-wrapper\">\n\t\t\t\t\t\t<div class=\"elementor-icon-box-icon\">\n\t\t\t\t<span class=\"elementor-icon elementor-animation-\" >\n\t\t\t\t<svg xmlns=\"http:\/\/www.w3.org\/2000\/svg\" xmlns:xlink=\"http:\/\/www.w3.org\/1999\/xlink\" id=\"Layer_1\" x=\"0px\" y=\"0px\" viewbox=\"0 0 83 79\" style=\"enable-background:new 0 0 83 79;\" xml:space=\"preserve\"><style type=\"text\/css\">\t.st0{fill:none;stroke:#4FA7DD;stroke-width:2.3526;stroke-linecap:round;stroke-linejoin:round;stroke-miterlimit:10;}<\/style><g>\t<path class=\"st0\" d=\"M18.9,24.3C18.9,11.8,29,1.6,41.5,1.6s22.6,10.1,22.6,22.6c0,0,2.8,13.9-22.6,46.6  C41.6,70.8,18.4,41.5,18.9,24.3z\"><\/path>\t<circle class=\"st0\" cx=\"41.5\" cy=\"24.6\" r=\"12.9\"><\/circle>\t<path class=\"st0\" d=\"M52.5,65.7c8.8,1,14.8,3.1,14.8,5.6c0,3.4-11.6,6.1-25.8,6.1s-25.8-2.8-25.8-6.1c0-2.3,5.2-4.3,12.9-5.3\"><\/path><\/g><\/svg>\t\t\t\t<\/span>\n\t\t\t<\/div>\n\t\t\t\t\t\t<div class=\"elementor-icon-box-content\">\n\t\t\t\t<h3 class=\"elementor-icon-box-title\">\n\t\t\t\t\t<span  >\n\t\t\t\t\t\tAddress\t\t\t\t\t<\/span>\n\t\t\t\t<\/h3>\n\t\t\t\t\t\t\t\t\t<p class=\"elementor-icon-box-description\">\n\t\t\t\t\t\tSan Jos\u00e9, Costa Rica.\t\t\t\t\t<\/p>\n\t\t\t\t\t\t\t<\/div>\n\t\t<\/div>\n\t\t\t\t<\/div>\n\t\t\t\t<\/div>\n\t\t\t\t\t<\/div>\n\t\t<\/div>\n\t\t\t\t\t\t\t<\/div>\n\t\t<\/section>\n\t\t\t\t<section class=\"elementor-section elementor-top-section elementor-element elementor-element-8a2d18a qodef-elementor-content-grid elementor-section-boxed elementor-section-height-default elementor-section-height-default\" data-id=\"8a2d18a\" data-element_type=\"section\">\n\t\t\t\t\t\t<div class=\"elementor-container elementor-column-gap-default\">\n\t\t\t\t\t<div class=\"elementor-column elementor-col-25 elementor-top-column elementor-element elementor-element-b25611b\" data-id=\"b25611b\" data-element_type=\"column\">\n\t\t\t<div class=\"elementor-widget-wrap\">\n\t\t\t\t\t\t\t\t\t<\/div>\n\t\t<\/div>\n\t\t\t\t<div class=\"elementor-column elementor-col-50 elementor-top-column elementor-element elementor-element-d0b59fd\" data-id=\"d0b59fd\" data-element_type=\"column\" data-settings=\"{&quot;background_background&quot;:&quot;classic&quot;}\">\n\t\t\t<div class=\"elementor-widget-wrap elementor-element-populated\">\n\t\t\t\t\t\t\t\t<div class=\"elementor-element elementor-element-1d03410 elementor-widget elementor-widget-stal_core_section_title\" data-id=\"1d03410\" data-element_type=\"widget\" data-widget_type=\"stal_core_section_title.default\">\n\t\t\t\t<div class=\"elementor-widget-container\">\n\t\t\t<div class=\"qodef-shortcode qodef-m  qodef-section-title qodef-alignment--left\">\n\t\t<div class=\"qodef-m-title-wrap\">\n\t\t<h3 class=\"qodef-m-title\" >\n\t\t\t\t\tContact Us\t\t\t<\/h3>\n\t\n\t<\/div>\n\t\t<p class=\"qodef-m-text\" >Use the following form to contact us.<\/p>\n<\/div>\t\t<\/div>\n\t\t\t\t<\/div>\n\t\t\t\t<div class=\"elementor-element elementor-element-a1d0eef elementor-widget elementor-widget-wp-widget-stal_core_contact_form_7\" data-id=\"a1d0eef\" data-element_type=\"widget\" data-widget_type=\"wp-widget-stal_core_contact_form_7.default\">\n\t\t\t\t<div class=\"elementor-widget-container\">\n\t\t\t\t\t\t<div class=\"qodef-contact-form-7\">\n\t\t\t\t\n<div class=\"wpcf7 no-js\" id=\"wpcf7-f131-o1\" lang=\"en-US\" dir=\"ltr\">\n<div class=\"screen-reader-response\"><p role=\"status\" aria-live=\"polite\" aria-atomic=\"true\"><\/p> <ul><\/ul><\/div>\n<form action=\"\/en\/wp-json\/wp\/v2\/pages\/5416#wpcf7-f131-o1\" method=\"post\" class=\"wpcf7-form init\" aria-label=\"Contact form\" novalidate=\"novalidate\" data-status=\"init\" data-trp-original-action=\"\/en\/wp-json\/wp\/v2\/pages\/5416#wpcf7-f131-o1\">\n<div style=\"display: none;\">\n<input type=\"hidden\" name=\"_wpcf7\" value=\"131\" \/>\n<input type=\"hidden\" name=\"_wpcf7_version\" value=\"5.7.6\" \/>\n<input type=\"hidden\" name=\"_wpcf7_locale\" value=\"en_US\" \/>\n<input type=\"hidden\" name=\"_wpcf7_unit_tag\" value=\"wpcf7-f131-o1\" \/>\n<input type=\"hidden\" name=\"_wpcf7_container_post\" value=\"0\" \/>\n<input type=\"hidden\" name=\"_wpcf7_posted_data_hash\" value=\"\" \/>\n<\/div>\n<span class=\"wpcf7-form-control-wrap\" data-name=\"your-name\"><input size=\"40\" class=\"wpcf7-form-control wpcf7-text wpcf7-validates-as-required\" aria-required=\"true\" aria-invalid=\"false\" placeholder=\"Full name\" value=\"\" type=\"text\" name=\"your-name\" \/><\/span><span class=\"wpcf7-form-control-wrap\" data-name=\"your-email\"><input size=\"40\" class=\"wpcf7-form-control wpcf7-text wpcf7-email wpcf7-validates-as-required wpcf7-validates-as-email\" aria-required=\"true\" aria-invalid=\"false\" placeholder=\"E-mail\" value=\"\" type=\"email\" name=\"your-email\" \/><\/span><span class=\"wpcf7-form-control-wrap\" data-name=\"your-message\"><textarea cols=\"40\" rows=\"1\" class=\"wpcf7-form-control wpcf7-textarea\" aria-invalid=\"false\" placeholder=\"Write your message\" name=\"your-message\"><\/textarea><\/span><button class=\"wpcf7-form-control wpcf7-submit qodef-button qodef-size--normal qodef-layout--splitted qodef-m\" type=\"submit\"><span class=\"qodef-m-text\">Send<svg class=\"qodef-m-arrowline\" xmlns=\"http:\/\/www.w3.org\/2000\/svg\" xmlns:xlink=\"http:\/\/www.w3.org\/1999\/xlink\" x=\"0px\" y=\"0px\" viewbox=\"0 0 63 20\" xml:space=\"preserve\">\n                            <line x1=\"61.6\" y1=\"10\" x2=\"61.6\" y2=\"10\"\/>\n                            <line x1=\"62\" y1=\"10\" x2=\"61.6\" y2=\"10\"\/>\n                            <line x1=\"61.6\" y1=\"10\" x2=\"1\" y2=\"10\"\/>\n                            <path d=\"M61.6,10\"\/>\n                            <line x1=\"61.6\" y1=\"10\" x2=\"61.6\" y2=\"10\"\/>\n                            <line class=\"arrow-up\" x1=\"56.7\" y1=\"5.1\" x2=\"61.6\" y2=\"10\"\/>\n                            <path d=\"M61.6,10\"\/>\n                            <line x1=\"61.6\" y1=\"10\" x2=\"61.6\" y2=\"10\"\/>\n                            <line class=\"arrow-down\" x1=\"61.6\" y1=\"10\" x2=\"56.7\" y2=\"14.9\"\/>\n                        <\/svg><\/span><span class=\"qodef-m-split qodef-split--up\"><\/span><span class=\"qodef-m-split qodef-split--down\"><\/span><\/button><div class=\"wpcf7-response-output\" aria-hidden=\"true\"><\/div>\n<input type=\"hidden\" name=\"trp-form-language\" value=\"en\"\/><\/form>\n<\/div>\n\t\t\t<\/div>\n\t\t\t\t\t<\/div>\n\t\t\t\t<\/div>\n\t\t\t\t\t<\/div>\n\t\t<\/div>\n\t\t\t\t<div class=\"elementor-column elementor-col-25 elementor-top-column elementor-element elementor-element-f072232\" data-id=\"f072232\" data-element_type=\"column\">\n\t\t\t<div class=\"elementor-widget-wrap\">\n\t\t\t\t\t\t\t\t\t<\/div>\n\t\t<\/div>\n\t\t\t\t\t\t\t<\/div>\n\t\t<\/section>\n\t\t\t\t\t\t\t<\/div>","protected":false},"excerpt":{"rendered":"<p>Correo Electr\u00f3nico info@hvacproductscr.com Tel\u00e9fono (506) 2226-3060 Direcci\u00f3n San Jos\u00e9, Costa Rica. Cont\u00e1ctenos Use el siguiente formulario para contactarnos.<\/p>","protected":false},"author":1,"featured_media":0,"parent":0,"menu_order":11,"comment_status":"closed","ping_status":"closed","template":"page-full-width.php","meta":{"inline_featured_image":false,"footnotes":""},"class_list":["post-5416","page","type-page","status-publish","hentry"],"_links":{"self":[{"href":"https:\/\/hvacproductscr.com\/en\/wp-json\/wp\/v2\/pages\/5416","targetHints":{"allow":["GET"]}}],"collection":[{"href":"https:\/\/hvacproductscr.com\/en\/wp-json\/wp\/v2\/pages"}],"about":[{"href":"https:\/\/hvacproductscr.com\/en\/wp-json\/wp\/v2\/types\/page"}],"author":[{"embeddable":true,"href":"https:\/\/hvacproductscr.com\/en\/wp-json\/wp\/v2\/users\/1"}],"replies":[{"embeddable":true,"href":"https:\/\/hvacproductscr.com\/en\/wp-json\/wp\/v2\/comments?post=5416"}],"version-history":[{"count":13,"href":"https:\/\/hvacproductscr.com\/en\/wp-json\/wp\/v2\/pages\/5416\/revisions"}],"predecessor-version":[{"id":6430,"href":"https:\/\/hvacproductscr.com\/en\/wp-json\/wp\/v2\/pages\/5416\/revisions\/6430"}],"wp:attachment":[{"href":"https:\/\/hvacproductscr.com\/en\/wp-json\/wp\/v2\/media?parent=5416"}],"curies":[{"name":"wp","href":"https:\/\/api.w.org\/{rel}","templated":true}]}}